{"id":185,"date":"2022-01-06T15:14:28","date_gmt":"2022-01-06T13:14:28","guid":{"rendered":"http:\/\/nevavuori.fi\/?page_id=185"},"modified":"2022-01-06T20:11:05","modified_gmt":"2022-01-06T18:11:05","slug":"videokuvausta","status":"publish","type":"page","link":"https:\/\/nevavuori.fi\/index.php\/videokuvausta\/","title":{"rendered":"Videokuvausta, my\u00f6s striimaus nettiin &#8211; kysy"},"content":{"rendered":"\n<p>Ota yhteytt\u00e4, niin katsotaan kalenteria.<\/p>\n\n\n\n<p>Harrastan videokuvausta ja niiss\u00e4 merkeiss\u00e4 olen kuvannut ja striimannut niin haastatteluja kuin erilaisia tapahtumiakin.<\/p>\n\n\n\n<p>Mik\u00e4li sinulla on tulossa jokin, tapahtuma, juhla tai esitys, jonka haluaisit v\u00e4litt\u00e4\u00e4 nettiin tai vain tallentaa muistoksi, niin ota yhteytt\u00e4.<br>Teen t\u00e4t\u00e4 harrastuksena, p\u00e4\u00e4ty\u00f6n ohella, joten katsotaan aina tapauskohtaisesti, ett\u00e4 sopiiko kuvaus aikatauluuni.<\/p>\n\n\n\n<h2 class=\"wp-block-heading\">Mit\u00e4 esimerkiksi voin tulla kuvaamaan<\/h2>\n\n\n\n<p>K\u00e4yt\u00f6ss\u00e4ni on striimauslaitteisto, jonka avulla voin v\u00e4litt\u00e4\u00e4 tapahtuman nettiin, esimerkiksi YouTubeen katsottavaksi joko julkisena, tai niin ett\u00e4 sit\u00e4 p\u00e4\u00e4sev\u00e4t katsomaan vain halutut henkil\u00f6t. Tapahtuma voidaan samalla my\u00f6s tallentaa ja tehd\u00e4 siit\u00e4 my\u00f6hemmin my\u00f6s editoitu ja leikattu tallenne.<\/p>\n\n\n\n<p>Yhden miehen kokoonpanolla kuvattavaksi sopivat esimerkiksi erilaiset n\u00e4ytelm\u00e4t ja vastaavat tapahtumat, kokoukset tms<br>Samoin kuin risti\u00e4iset, hautajaiset tai h\u00e4\u00e4t. <\/p>\n\n\n\n<p>Kuvaan yleens\u00e4 yksin yhden tai kahden kameran laitteistolla.<br><br>Alla muutamia kuvia kuvaustilanteista.<br><br>Vaalivideoihin kuvattuja otoksia lukuunottamatta kaikki muut, n\u00e4yt\u00f6kset risti\u00e4iset, hautajaiset yms ovat olleet yksityisi\u00e4 tilaisuuksia tai tekij\u00e4noikeuksien vuoksi vain esiintyjille itselleen kuvattuja, joten ne eiv\u00e4t ole julkisesti n\u00e4ht\u00e4viss\u00e4.<br><br>Lukuunottamatta muutamia jumalanpalveluksia, jotka olen striimannut Uudenkaupungin seurakunnalle.<\/p>\n\n\n\n<h2 class=\"wp-block-heading\">Tallenne tai striimaus tilaajan tarpeiden mukaan<\/h2>\n\n\n\n<p>Mit\u00e4 tarvitset, sovitaan tarpeen mukaan.<\/p>\n\n\n\n<p>Tapahtuma voidaan<\/p>\n\n\n\n<ul class=\"wp-block-list\"><li>Kuvata ja v\u00e4litt\u00e4\u00e4 nettiin katsottavaksi reaaliaikaisesti (esim YouTuben kautta)<ul><li>julkisesti kaikkien n\u00e4ht\u00e4v\u00e4ksi<\/li><li>tai vain niiden n\u00e4ht\u00e4v\u00e4ksi, joille halutaan kertoa linkki l\u00e4hetykseen (eli my\u00f6s yksityiset tilaisuudet voidaan striimata nettiin, niin ett\u00e4 ne eiv\u00e4t n\u00e4y kaikille)<\/li><\/ul><\/li><li>Kuvata ja v\u00e4litt\u00e4\u00e4 nettiin kuten edell\u00e4, mutta samalla tallentaen kaikki materiaali, jonka voi sitten saada esim pilvest\u00e4 ladaten tai muistitikulla itselleen<\/li><li>Tai voidaan lis\u00e4ksi sopia, ett\u00e4 kuvauksen j\u00e4lkeen kuvaaja editoi materiaalista tallenteen teksteineen yms tietoineen jne jne<\/li><\/ul>\n\n\n\n<p><\/p>\n\n\n\n<figure class=\"wp-block-gallery columns-1 wp-block-gallery-1 is-layout-flex wp-block-gallery-is-layout-flex\"><ul class=\"blocks-gallery-grid\"><li class=\"blocks-gallery-item\"><figure><img loading=\"lazy\" decoding=\"async\" width=\"700\" height=\"526\" src=\"https:\/\/nevavuori.fi\/wp-content\/uploads\/2022\/01\/IMG_0076_2.jpg\" alt=\"\" data-id=\"237\" data-full-url=\"https:\/\/nevavuori.fi\/wp-content\/uploads\/2022\/01\/IMG_0076_2.jpg\" data-link=\"https:\/\/nevavuori.fi\/index.php\/videokuvausta\/img_0076_2\/\" class=\"wp-image-237\" srcset=\"https:\/\/nevavuori.fi\/wp-content\/uploads\/2022\/01\/IMG_0076_2.jpg 700w, https:\/\/nevavuori.fi\/wp-content\/uploads\/2022\/01\/IMG_0076_2-300x225.jpg 300w\" sizes=\"auto, (max-width: 700px) 100vw, 700px\" \/><\/figure><\/li><li class=\"blocks-gallery-item\"><figure><img loading=\"lazy\" decoding=\"async\" width=\"600\" height=\"695\" src=\"https:\/\/nevavuori.fi\/wp-content\/uploads\/2022\/01\/Screenshot_20220105-145903-2.jpg\" alt=\"\" data-id=\"205\" data-full-url=\"https:\/\/nevavuori.fi\/wp-content\/uploads\/2022\/01\/Screenshot_20220105-145903-2.jpg\" data-link=\"https:\/\/nevavuori.fi\/index.php\/videokuvausta\/screenshot_20220105-145903-3\/\" class=\"wp-image-205\" srcset=\"https:\/\/nevavuori.fi\/wp-content\/uploads\/2022\/01\/Screenshot_20220105-145903-2.jpg 600w, https:\/\/nevavuori.fi\/wp-content\/uploads\/2022\/01\/Screenshot_20220105-145903-2-259x300.jpg 259w\" sizes=\"auto, (max-width: 600px) 100vw, 600px\" \/><\/figure><\/li><li class=\"blocks-gallery-item\"><figure><img loading=\"lazy\" decoding=\"async\" width=\"600\" height=\"726\" src=\"https:\/\/nevavuori.fi\/wp-content\/uploads\/2022\/01\/IMG_20220105_201136-2.jpg\" alt=\"\" data-id=\"206\" data-full-url=\"https:\/\/nevavuori.fi\/wp-content\/uploads\/2022\/01\/IMG_20220105_201136-2.jpg\" data-link=\"https:\/\/nevavuori.fi\/index.php\/videokuvausta\/img_20220105_201136-3\/\" class=\"wp-image-206\" srcset=\"https:\/\/nevavuori.fi\/wp-content\/uploads\/2022\/01\/IMG_20220105_201136-2.jpg 600w, https:\/\/nevavuori.fi\/wp-content\/uploads\/2022\/01\/IMG_20220105_201136-2-248x300.jpg 248w\" sizes=\"auto, (max-width: 600px) 100vw, 600px\" \/><\/figure><\/li><li class=\"blocks-gallery-item\"><figure><img loading=\"lazy\" decoding=\"async\" width=\"600\" height=\"554\" src=\"https:\/\/nevavuori.fi\/wp-content\/uploads\/2022\/01\/Teatteri-1.jpg\" alt=\"\" data-id=\"207\" data-full-url=\"https:\/\/nevavuori.fi\/wp-content\/uploads\/2022\/01\/Teatteri-1.jpg\" data-link=\"https:\/\/nevavuori.fi\/index.php\/videokuvausta\/teatteri-2\/\" class=\"wp-image-207\" srcset=\"https:\/\/nevavuori.fi\/wp-content\/uploads\/2022\/01\/Teatteri-1.jpg 600w, https:\/\/nevavuori.fi\/wp-content\/uploads\/2022\/01\/Teatteri-1-300x277.jpg 300w, https:\/\/nevavuori.fi\/wp-content\/uploads\/2022\/01\/Teatteri-1-270x250.jpg 270w\" sizes=\"auto, (max-width: 600px) 100vw, 600px\" \/><\/figure><\/li><\/ul><\/figure>\n","protected":false},"excerpt":{"rendered":"<p>Ota yhteytt\u00e4, niin katsotaan kalenteria. Harrastan videokuvausta ja niiss\u00e4 merkeiss\u00e4 olen kuvannut ja striimannut niin haastatteluja kuin erilaisia tapahtumiakin. Mik\u00e4li sinulla on tulossa jokin, tapahtuma, juhla tai esitys, jonka haluaisit v\u00e4litt\u00e4\u00e4 nettiin tai vain tallentaa muistoksi, niin ota yhteytt\u00e4.Teen t\u00e4t\u00e4 harrastuksena, p\u00e4\u00e4ty\u00f6n ohella, joten katsotaan aina tapauskohtaisesti, ett\u00e4 sopiiko kuvaus aikatauluuni. Mit\u00e4 esimerkiksi voin tulla [&hellip;]<\/p>\n","protected":false},"author":1,"featured_media":253,"parent":0,"menu_order":0,"comment_status":"closed","ping_status":"closed","template":"","meta":{"footnotes":""},"class_list":["post-185","page","type-page","status-publish","has-post-thumbnail","czr-hentry"],"_links":{"self":[{"href":"https:\/\/nevavuori.fi\/index.php\/wp-json\/wp\/v2\/pages\/185","targetHints":{"allow":["GET"]}}],"collection":[{"href":"https:\/\/nevavuori.fi\/index.php\/wp-json\/wp\/v2\/pages"}],"about":[{"href":"https:\/\/nevavuori.fi\/index.php\/wp-json\/wp\/v2\/types\/page"}],"author":[{"embeddable":true,"href":"https:\/\/nevavuori.fi\/index.php\/wp-json\/wp\/v2\/users\/1"}],"replies":[{"embeddable":true,"href":"https:\/\/nevavuori.fi\/index.php\/wp-json\/wp\/v2\/comments?post=185"}],"version-history":[{"count":16,"href":"https:\/\/nevavuori.fi\/index.php\/wp-json\/wp\/v2\/pages\/185\/revisions"}],"predecessor-version":[{"id":238,"href":"https:\/\/nevavuori.fi\/index.php\/wp-json\/wp\/v2\/pages\/185\/revisions\/238"}],"wp:featuredmedia":[{"embeddable":true,"href":"https:\/\/nevavuori.fi\/index.php\/wp-json\/wp\/v2\/media\/253"}],"wp:attachment":[{"href":"https:\/\/nevavuori.fi\/index.php\/wp-json\/wp\/v2\/media?parent=185"}],"curies":[{"name":"wp","href":"https:\/\/api.w.org\/{rel}","templated":true}]}}