{"id":14,"date":"2021-11-24T18:05:44","date_gmt":"2021-11-24T16:05:44","guid":{"rendered":"http:\/\/nevavuori.fi\/?page_id=14"},"modified":"2023-04-22T14:52:42","modified_gmt":"2023-04-22T12:52:42","slug":"tila-nykyaan","status":"publish","type":"page","link":"https:\/\/nevavuori.fi\/index.php\/tila-nykyaan\/","title":{"rendered":"Maatila nyky\u00e4\u00e4n"},"content":{"rendered":"\n<p class=\"has-drop-cap\">Tila on nyky\u00e4\u00e4n kasvinviljelytila<\/p>\n\n\n\n<p>Tilalla aiemmin olleet el\u00e4imet saivat v\u00e4isty\u00e4 sukupolvenvaihdoksen yhteydess\u00e4 2004, kun p\u00e4\u00e4toiminen viljely vaihtui sivutoimiseksi.<\/p>\n\n\n\n<p>Pelloilla viljell\u00e4\u00e4n t\u00e4ll\u00e4 hetkell\u00e4 mallasohraa, suurimokauraa, syysvehn\u00e4\u00e4, sokerijuurikasta ja kuminaa<\/p>\n\n\n\n<h2 class=\"has-medium-font-size wp-block-heading\">Ty\u00f6t\u00e4 my\u00f6s tilan ulkopuolella<\/h2>\n\n\n\n<p>Itse ty\u00f6skentelen Mtech Digital Solutions Oy:ss\u00e4 WebWakka talousohjelmiston tuotep\u00e4\u00e4llikk\u00f6n\u00e4. <br>Ty\u00f6skentelen t\u00e4ysip\u00e4iv\u00e4isesti et\u00e4ty\u00f6l\u00e4isen\u00e4 kotitilalta k\u00e4sin.<\/p>\n\n\n\n<p>Vaimo Taru toimii musiikkiterapeuttina ja psykoterapeuttina. H\u00e4nen yrityksell\u00e4\u00e4n <a href=\"http:\/\/musiikkiterapiamelodia.fi\" data-type=\"URL\" data-id=\"musiikkiterapiamelodia.fi\">Musiikkiterapia Melodialla<\/a> on toimitilat Laitilassa ja Turussa.<\/p>\n","protected":false},"excerpt":{"rendered":"<p>Tila on nyky\u00e4\u00e4n kasvinviljelytila Tilalla aiemmin olleet el\u00e4imet saivat v\u00e4isty\u00e4 sukupolvenvaihdoksen yhteydess\u00e4 2004, kun p\u00e4\u00e4toiminen viljely vaihtui sivutoimiseksi. Pelloilla viljell\u00e4\u00e4n t\u00e4ll\u00e4 hetkell\u00e4 mallasohraa, suurimokauraa, syysvehn\u00e4\u00e4, sokerijuurikasta ja kuminaa Ty\u00f6t\u00e4 my\u00f6s tilan ulkopuolella Itse ty\u00f6skentelen Mtech Digital Solutions Oy:ss\u00e4 WebWakka talousohjelmiston tuotep\u00e4\u00e4llikk\u00f6n\u00e4. Ty\u00f6skentelen t\u00e4ysip\u00e4iv\u00e4isesti et\u00e4ty\u00f6l\u00e4isen\u00e4 kotitilalta k\u00e4sin. Vaimo Taru toimii musiikkiterapeuttina ja psykoterapeuttina. H\u00e4nen yrityksell\u00e4\u00e4n Musiikkiterapia [&hellip;]<\/p>\n","protected":false},"author":1,"featured_media":180,"parent":0,"menu_order":0,"comment_status":"closed","ping_status":"closed","template":"","meta":{"footnotes":""},"class_list":["post-14","page","type-page","status-publish","has-post-thumbnail","czr-hentry"],"_links":{"self":[{"href":"https:\/\/nevavuori.fi\/index.php\/wp-json\/wp\/v2\/pages\/14","targetHints":{"allow":["GET"]}}],"collection":[{"href":"https:\/\/nevavuori.fi\/index.php\/wp-json\/wp\/v2\/pages"}],"about":[{"href":"https:\/\/nevavuori.fi\/index.php\/wp-json\/wp\/v2\/types\/page"}],"author":[{"embeddable":true,"href":"https:\/\/nevavuori.fi\/index.php\/wp-json\/wp\/v2\/users\/1"}],"replies":[{"embeddable":true,"href":"https:\/\/nevavuori.fi\/index.php\/wp-json\/wp\/v2\/comments?post=14"}],"version-history":[{"count":9,"href":"https:\/\/nevavuori.fi\/index.php\/wp-json\/wp\/v2\/pages\/14\/revisions"}],"predecessor-version":[{"id":378,"href":"https:\/\/nevavuori.fi\/index.php\/wp-json\/wp\/v2\/pages\/14\/revisions\/378"}],"wp:featuredmedia":[{"embeddable":true,"href":"https:\/\/nevavuori.fi\/index.php\/wp-json\/wp\/v2\/media\/180"}],"wp:attachment":[{"href":"https:\/\/nevavuori.fi\/index.php\/wp-json\/wp\/v2\/media?parent=14"}],"curies":[{"name":"wp","href":"https:\/\/api.w.org\/{rel}","templated":true}]}}